{"id":20,"date":"2019-08-02T17:41:07","date_gmt":"2019-08-02T17:41:07","guid":{"rendered":"https:\/\/www.villamorpousada.com.br\/novo\/?page_id=20"},"modified":"2024-09-25T19:33:08","modified_gmt":"2024-09-25T19:33:08","slug":"estrutura","status":"publish","type":"page","link":"https:\/\/www.villamorpousada.com.br\/site\/estrutura\/","title":{"rendered":"Estrutura"},"content":{"rendered":"<p>A Pousada Villamor oferece os melhores padr\u00f5es de conforto, seguran\u00e7a e higiene, com apartamentos amplos com dois ambientes, roupeiros grandes, ar-condicionado SPLIT de 12 mil btus, TV LCD de 32\u201d, frigobar, cama box queen, varandas com rede e cadeiras de balan\u00e7o e muito mais. Tudo planejado para o bem estar de seus h\u00f3spedes.<\/p>\n<p>Dentro de uma \u00e1rea com 8.000m\u00b2, o h\u00f3spede encontrar\u00e1 muito verde, 3 piscinas, sauna seca e a vapor, hidromassagem coletiva com agua t\u00e9rmica e ozonizada, sal\u00e3o de jogos, um delicioso Lounge com vista para o mar e projetado para total relaxamento, academia e restaurante com cozinha a la carte.<\/p>\n<div id='gallery-1' class='gallery galleryid-20 gallery-columns-3 gallery-size-thumbnail'><figure class='gallery-item'>\n\t\t\t<div class='gallery-icon landscape'>\n\t\t\t\t<a href='https:\/\/www.villamorpousada.com.br\/site\/estrutura\/foto1\/'><img decoding=\"async\" width=\"150\" height=\"150\" src=\"https:\/\/www.villamorpousada.com.br\/site\/wp-content\/uploads\/2019\/08\/foto1-150x150.jpg\" class=\"attachment-thumbnail size-thumbnail\" alt=\"\" \/><\/a>\n\t\t\t<\/div><\/figure><figure class='gallery-item'>\n\t\t\t<div class='gallery-icon landscape'>\n\t\t\t\t<a href='https:\/\/www.villamorpousada.com.br\/site\/estrutura\/foto2\/'><img decoding=\"async\" width=\"150\" height=\"150\" src=\"https:\/\/www.villamorpousada.com.br\/site\/wp-content\/uploads\/2019\/08\/foto2-150x150.jpg\" class=\"attachment-thumbnail size-thumbnail\" alt=\"\" \/><\/a>\n\t\t\t<\/div><\/figure><figure class='gallery-item'>\n\t\t\t<div class='gallery-icon landscape'>\n\t\t\t\t<a href='https:\/\/www.villamorpousada.com.br\/site\/estrutura\/foto4\/'><img decoding=\"async\" width=\"150\" height=\"150\" src=\"https:\/\/www.villamorpousada.com.br\/site\/wp-content\/uploads\/2019\/08\/foto4-150x150.jpg\" class=\"attachment-thumbnail size-thumbnail\" alt=\"\" \/><\/a>\n\t\t\t<\/div><\/figure><figure class='gallery-item'>\n\t\t\t<div class='gallery-icon landscape'>\n\t\t\t\t<a href='https:\/\/www.villamorpousada.com.br\/site\/estrutura\/foto5\/'><img loading=\"lazy\" decoding=\"async\" width=\"150\" height=\"150\" src=\"https:\/\/www.villamorpousada.com.br\/site\/wp-content\/uploads\/2019\/08\/foto5-150x150.jpg\" class=\"attachment-thumbnail size-thumbnail\" alt=\"\" \/><\/a>\n\t\t\t<\/div><\/figure><figure class='gallery-item'>\n\t\t\t<div class='gallery-icon landscape'>\n\t\t\t\t<a href='https:\/\/www.villamorpousada.com.br\/site\/estrutura\/foto6\/'><img loading=\"lazy\" decoding=\"async\" width=\"150\" height=\"150\" src=\"https:\/\/www.villamorpousada.com.br\/site\/wp-content\/uploads\/2019\/08\/foto6-150x150.jpg\" class=\"attachment-thumbnail size-thumbnail\" alt=\"\" \/><\/a>\n\t\t\t<\/div><\/figure><figure class='gallery-item'>\n\t\t\t<div class='gallery-icon landscape'>\n\t\t\t\t<a href='https:\/\/www.villamorpousada.com.br\/site\/estrutura\/foto7\/'><img loading=\"lazy\" decoding=\"async\" width=\"150\" height=\"150\" src=\"https:\/\/www.villamorpousada.com.br\/site\/wp-content\/uploads\/2019\/08\/foto7-150x150.jpg\" class=\"attachment-thumbnail size-thumbnail\" alt=\"\" \/><\/a>\n\t\t\t<\/div><\/figure><figure class='gallery-item'>\n\t\t\t<div class='gallery-icon landscape'>\n\t\t\t\t<a href='https:\/\/www.villamorpousada.com.br\/site\/estrutura\/foto8\/'><img loading=\"lazy\" decoding=\"async\" width=\"150\" height=\"150\" src=\"https:\/\/www.villamorpousada.com.br\/site\/wp-content\/uploads\/2019\/08\/foto8-150x150.jpg\" class=\"attachment-thumbnail size-thumbnail\" alt=\"\" \/><\/a>\n\t\t\t<\/div><\/figure><figure class='gallery-item'>\n\t\t\t<div class='gallery-icon landscape'>\n\t\t\t\t<a href='https:\/\/www.villamorpousada.com.br\/site\/estrutura\/foto9\/'><img loading=\"lazy\" decoding=\"async\" width=\"150\" height=\"150\" src=\"https:\/\/www.villamorpousada.com.br\/site\/wp-content\/uploads\/2019\/08\/foto9-150x150.jpg\" class=\"attachment-thumbnail size-thumbnail\" alt=\"\" \/><\/a>\n\t\t\t<\/div><\/figure><figure class='gallery-item'>\n\t\t\t<div class='gallery-icon landscape'>\n\t\t\t\t<a href='https:\/\/www.villamorpousada.com.br\/site\/estrutura\/foto10\/'><img loading=\"lazy\" decoding=\"async\" width=\"150\" height=\"150\" src=\"https:\/\/www.villamorpousada.com.br\/site\/wp-content\/uploads\/2019\/08\/foto10-150x150.jpg\" class=\"attachment-thumbnail size-thumbnail\" alt=\"\" \/><\/a>\n\t\t\t<\/div><\/figure><figure class='gallery-item'>\n\t\t\t<div class='gallery-icon landscape'>\n\t\t\t\t<a href='https:\/\/www.villamorpousada.com.br\/site\/banner\/banner-eden\/banneredden\/'><img loading=\"lazy\" decoding=\"async\" width=\"150\" height=\"150\" src=\"https:\/\/www.villamorpousada.com.br\/site\/wp-content\/uploads\/2019\/12\/banneredden-150x150.jpg\" class=\"attachment-thumbnail size-thumbnail\" alt=\"\" srcset=\"https:\/\/www.villamorpousada.com.br\/site\/wp-content\/uploads\/2019\/12\/banneredden-150x150.jpg 150w, https:\/\/www.villamorpousada.com.br\/site\/wp-content\/uploads\/2019\/12\/banneredden-75x75.jpg 75w\" sizes=\"(max-width: 150px) 100vw, 150px\" \/><\/a>\n\t\t\t<\/div><\/figure><figure class='gallery-item'>\n\t\t\t<div class='gallery-icon landscape'>\n\t\t\t\t<a href='https:\/\/www.villamorpousada.com.br\/site\/banner\/banner-1\/bannerousado\/'><img loading=\"lazy\" decoding=\"async\" width=\"150\" height=\"150\" src=\"https:\/\/www.villamorpousada.com.br\/site\/wp-content\/uploads\/2019\/08\/bannerousado-150x150.jpg\" class=\"attachment-thumbnail size-thumbnail\" alt=\"\" srcset=\"https:\/\/www.villamorpousada.com.br\/site\/wp-content\/uploads\/2019\/08\/bannerousado-150x150.jpg 150w, https:\/\/www.villamorpousada.com.br\/site\/wp-content\/uploads\/2019\/08\/bannerousado-75x75.jpg 75w\" sizes=\"(max-width: 150px) 100vw, 150px\" \/><\/a>\n\t\t\t<\/div><\/figure><figure class='gallery-item'>\n\t\t\t<div class='gallery-icon landscape'>\n\t\t\t\t<a href='https:\/\/www.villamorpousada.com.br\/site\/banner\/banner-2\/bannerpiscina\/'><img loading=\"lazy\" decoding=\"async\" width=\"150\" height=\"150\" src=\"https:\/\/www.villamorpousada.com.br\/site\/wp-content\/uploads\/2019\/08\/bannerpiscina-150x150.jpg\" class=\"attachment-thumbnail size-thumbnail\" alt=\"\" srcset=\"https:\/\/www.villamorpousada.com.br\/site\/wp-content\/uploads\/2019\/08\/bannerpiscina-150x150.jpg 150w, https:\/\/www.villamorpousada.com.br\/site\/wp-content\/uploads\/2019\/08\/bannerpiscina-75x75.jpg 75w\" sizes=\"(max-width: 150px) 100vw, 150px\" \/><\/a>\n\t\t\t<\/div><\/figure><figure class='gallery-item'>\n\t\t\t<div class='gallery-icon landscape'>\n\t\t\t\t<a href='https:\/\/www.villamorpousada.com.br\/site\/banner\/banner\/bannerromano\/'><img loading=\"lazy\" decoding=\"async\" width=\"150\" height=\"150\" src=\"https:\/\/www.villamorpousada.com.br\/site\/wp-content\/uploads\/2019\/09\/bannerromano-150x150.jpg\" class=\"attachment-thumbnail size-thumbnail\" alt=\"\" srcset=\"https:\/\/www.villamorpousada.com.br\/site\/wp-content\/uploads\/2019\/09\/bannerromano-150x150.jpg 150w, https:\/\/www.villamorpousada.com.br\/site\/wp-content\/uploads\/2019\/09\/bannerromano-75x75.jpg 75w\" sizes=\"(max-width: 150px) 100vw, 150px\" \/><\/a>\n\t\t\t<\/div><\/figure><figure class='gallery-item'>\n\t\t\t<div class='gallery-icon landscape'>\n\t\t\t\t<a href='https:\/\/www.villamorpousada.com.br\/site\/estrutura\/fotos-pousada-selecao-005\/'><img loading=\"lazy\" decoding=\"async\" width=\"150\" height=\"150\" src=\"https:\/\/www.villamorpousada.com.br\/site\/wp-content\/uploads\/2019\/12\/fotos-pousada-Sele\u00e7\u00e3o-005-150x150.jpg\" class=\"attachment-thumbnail size-thumbnail\" alt=\"\" srcset=\"https:\/\/www.villamorpousada.com.br\/site\/wp-content\/uploads\/2019\/12\/fotos-pousada-Sele\u00e7\u00e3o-005-150x150.jpg 150w, https:\/\/www.villamorpousada.com.br\/site\/wp-content\/uploads\/2019\/12\/fotos-pousada-Sele\u00e7\u00e3o-005-75x75.jpg 75w\" sizes=\"(max-width: 150px) 100vw, 150px\" \/><\/a>\n\t\t\t<\/div><\/figure><figure class='gallery-item'>\n\t\t\t<div class='gallery-icon landscape'>\n\t\t\t\t<a href='https:\/\/www.villamorpousada.com.br\/site\/estrutura\/pousada-016\/'><img loading=\"lazy\" decoding=\"async\" width=\"150\" height=\"150\" src=\"https:\/\/www.villamorpousada.com.br\/site\/wp-content\/uploads\/2019\/12\/Pousada-016-150x150.jpg\" class=\"attachment-thumbnail size-thumbnail\" alt=\"\" srcset=\"https:\/\/www.villamorpousada.com.br\/site\/wp-content\/uploads\/2019\/12\/Pousada-016-150x150.jpg 150w, https:\/\/www.villamorpousada.com.br\/site\/wp-content\/uploads\/2019\/12\/Pousada-016-75x75.jpg 75w\" sizes=\"(max-width: 150px) 100vw, 150px\" \/><\/a>\n\t\t\t<\/div><\/figure><figure class='gallery-item'>\n\t\t\t<div class='gallery-icon landscape'>\n\t\t\t\t<a href='https:\/\/www.villamorpousada.com.br\/site\/estrutura\/dsc_0013\/'><img loading=\"lazy\" decoding=\"async\" width=\"150\" height=\"150\" src=\"https:\/\/www.villamorpousada.com.br\/site\/wp-content\/uploads\/2019\/12\/DSC_0013-150x150.jpg\" class=\"attachment-thumbnail size-thumbnail\" alt=\"\" srcset=\"https:\/\/www.villamorpousada.com.br\/site\/wp-content\/uploads\/2019\/12\/DSC_0013-150x150.jpg 150w, https:\/\/www.villamorpousada.com.br\/site\/wp-content\/uploads\/2019\/12\/DSC_0013-75x75.jpg 75w\" sizes=\"(max-width: 150px) 100vw, 150px\" \/><\/a>\n\t\t\t<\/div><\/figure><figure class='gallery-item'>\n\t\t\t<div class='gallery-icon landscape'>\n\t\t\t\t<a href='https:\/\/www.villamorpousada.com.br\/site\/estrutura\/dsc_0090\/'><img loading=\"lazy\" decoding=\"async\" width=\"150\" height=\"150\" src=\"https:\/\/www.villamorpousada.com.br\/site\/wp-content\/uploads\/2019\/12\/DSC_0090-150x150.jpg\" class=\"attachment-thumbnail size-thumbnail\" alt=\"\" srcset=\"https:\/\/www.villamorpousada.com.br\/site\/wp-content\/uploads\/2019\/12\/DSC_0090-150x150.jpg 150w, https:\/\/www.villamorpousada.com.br\/site\/wp-content\/uploads\/2019\/12\/DSC_0090-75x75.jpg 75w\" sizes=\"(max-width: 150px) 100vw, 150px\" \/><\/a>\n\t\t\t<\/div><\/figure><figure class='gallery-item'>\n\t\t\t<div class='gallery-icon landscape'>\n\t\t\t\t<a href='https:\/\/www.villamorpousada.com.br\/site\/estrutura\/dsc_0098\/'><img loading=\"lazy\" decoding=\"async\" width=\"150\" height=\"150\" src=\"https:\/\/www.villamorpousada.com.br\/site\/wp-content\/uploads\/2019\/12\/DSC_0098-150x150.jpg\" class=\"attachment-thumbnail size-thumbnail\" alt=\"\" srcset=\"https:\/\/www.villamorpousada.com.br\/site\/wp-content\/uploads\/2019\/12\/DSC_0098-150x150.jpg 150w, https:\/\/www.villamorpousada.com.br\/site\/wp-content\/uploads\/2019\/12\/DSC_0098-75x75.jpg 75w\" sizes=\"(max-width: 150px) 100vw, 150px\" \/><\/a>\n\t\t\t<\/div><\/figure><figure class='gallery-item'>\n\t\t\t<div class='gallery-icon landscape'>\n\t\t\t\t<a href='https:\/\/www.villamorpousada.com.br\/site\/estrutura\/drinks\/'><img loading=\"lazy\" decoding=\"async\" width=\"150\" height=\"150\" src=\"https:\/\/www.villamorpousada.com.br\/site\/wp-content\/uploads\/2019\/12\/DRINKS-150x150.jpg\" class=\"attachment-thumbnail size-thumbnail\" alt=\"\" srcset=\"https:\/\/www.villamorpousada.com.br\/site\/wp-content\/uploads\/2019\/12\/DRINKS-150x150.jpg 150w, https:\/\/www.villamorpousada.com.br\/site\/wp-content\/uploads\/2019\/12\/DRINKS-75x75.jpg 75w\" sizes=\"(max-width: 150px) 100vw, 150px\" \/><\/a>\n\t\t\t<\/div><\/figure><figure class='gallery-item'>\n\t\t\t<div class='gallery-icon landscape'>\n\t\t\t\t<a href='https:\/\/www.villamorpousada.com.br\/site\/estrutura\/estacionamento-privativo\/'><img loading=\"lazy\" decoding=\"async\" width=\"150\" height=\"150\" src=\"https:\/\/www.villamorpousada.com.br\/site\/wp-content\/uploads\/2019\/12\/ESTACIONAMENTO-PRIVATIVO-150x150.jpg\" class=\"attachment-thumbnail size-thumbnail\" alt=\"\" srcset=\"https:\/\/www.villamorpousada.com.br\/site\/wp-content\/uploads\/2019\/12\/ESTACIONAMENTO-PRIVATIVO-150x150.jpg 150w, https:\/\/www.villamorpousada.com.br\/site\/wp-content\/uploads\/2019\/12\/ESTACIONAMENTO-PRIVATIVO-75x75.jpg 75w\" sizes=\"(max-width: 150px) 100vw, 150px\" \/><\/a>\n\t\t\t<\/div><\/figure><figure class='gallery-item'>\n\t\t\t<div class='gallery-icon landscape'>\n\t\t\t\t<a href='https:\/\/www.villamorpousada.com.br\/site\/estrutura\/frutos-do-mar\/'><img loading=\"lazy\" decoding=\"async\" width=\"150\" height=\"150\" src=\"https:\/\/www.villamorpousada.com.br\/site\/wp-content\/uploads\/2019\/12\/FRUTOS-DO-MAR-150x150.jpg\" class=\"attachment-thumbnail size-thumbnail\" alt=\"\" srcset=\"https:\/\/www.villamorpousada.com.br\/site\/wp-content\/uploads\/2019\/12\/FRUTOS-DO-MAR-150x150.jpg 150w, https:\/\/www.villamorpousada.com.br\/site\/wp-content\/uploads\/2019\/12\/FRUTOS-DO-MAR-75x75.jpg 75w\" sizes=\"(max-width: 150px) 100vw, 150px\" \/><\/a>\n\t\t\t<\/div><\/figure><figure class='gallery-item'>\n\t\t\t<div class='gallery-icon landscape'>\n\t\t\t\t<a href='https:\/\/www.villamorpousada.com.br\/site\/estrutura\/cafe-da-manha-4\/'><img loading=\"lazy\" decoding=\"async\" width=\"150\" height=\"150\" src=\"https:\/\/www.villamorpousada.com.br\/site\/wp-content\/uploads\/2019\/12\/CAFE-DA-MANH\u00c3-4-150x150.jpg\" class=\"attachment-thumbnail size-thumbnail\" alt=\"\" srcset=\"https:\/\/www.villamorpousada.com.br\/site\/wp-content\/uploads\/2019\/12\/CAFE-DA-MANH\u00c3-4-150x150.jpg 150w, https:\/\/www.villamorpousada.com.br\/site\/wp-content\/uploads\/2019\/12\/CAFE-DA-MANH\u00c3-4-75x75.jpg 75w\" sizes=\"(max-width: 150px) 100vw, 150px\" \/><\/a>\n\t\t\t<\/div><\/figure><figure class='gallery-item'>\n\t\t\t<div class='gallery-icon landscape'>\n\t\t\t\t<a href='https:\/\/www.villamorpousada.com.br\/site\/estrutura\/caminho-para-ala-ofuro\/'><img loading=\"lazy\" decoding=\"async\" width=\"150\" height=\"150\" src=\"https:\/\/www.villamorpousada.com.br\/site\/wp-content\/uploads\/2019\/12\/CAMINHO-PARA-ALA-OFUR\u00d4-150x150.jpg\" class=\"attachment-thumbnail size-thumbnail\" alt=\"\" srcset=\"https:\/\/www.villamorpousada.com.br\/site\/wp-content\/uploads\/2019\/12\/CAMINHO-PARA-ALA-OFUR\u00d4-150x150.jpg 150w, https:\/\/www.villamorpousada.com.br\/site\/wp-content\/uploads\/2019\/12\/CAMINHO-PARA-ALA-OFUR\u00d4-75x75.jpg 75w\" sizes=\"(max-width: 150px) 100vw, 150px\" \/><\/a>\n\t\t\t<\/div><\/figure><figure class='gallery-item'>\n\t\t\t<div class='gallery-icon landscape'>\n\t\t\t\t<a href='https:\/\/www.villamorpousada.com.br\/site\/estrutura\/carnes-1\/'><img loading=\"lazy\" decoding=\"async\" width=\"150\" height=\"150\" src=\"https:\/\/www.villamorpousada.com.br\/site\/wp-content\/uploads\/2019\/12\/CARNES-1-150x150.jpg\" class=\"attachment-thumbnail size-thumbnail\" alt=\"\" srcset=\"https:\/\/www.villamorpousada.com.br\/site\/wp-content\/uploads\/2019\/12\/CARNES-1-150x150.jpg 150w, https:\/\/www.villamorpousada.com.br\/site\/wp-content\/uploads\/2019\/12\/CARNES-1-75x75.jpg 75w\" sizes=\"(max-width: 150px) 100vw, 150px\" \/><\/a>\n\t\t\t<\/div><\/figure><figure class='gallery-item'>\n\t\t\t<div class='gallery-icon landscape'>\n\t\t\t\t<a href='https:\/\/www.villamorpousada.com.br\/site\/estrutura\/drinks-1\/'><img loading=\"lazy\" decoding=\"async\" width=\"150\" height=\"150\" src=\"https:\/\/www.villamorpousada.com.br\/site\/wp-content\/uploads\/2019\/12\/DRINKS-1-150x150.jpg\" class=\"attachment-thumbnail size-thumbnail\" alt=\"\" srcset=\"https:\/\/www.villamorpousada.com.br\/site\/wp-content\/uploads\/2019\/12\/DRINKS-1-150x150.jpg 150w, https:\/\/www.villamorpousada.com.br\/site\/wp-content\/uploads\/2019\/12\/DRINKS-1-75x75.jpg 75w\" sizes=\"(max-width: 150px) 100vw, 150px\" \/><\/a>\n\t\t\t<\/div><\/figure><figure class='gallery-item'>\n\t\t\t<div class='gallery-icon landscape'>\n\t\t\t\t<a href='https:\/\/www.villamorpousada.com.br\/site\/estrutura\/4o9a0465\/'><img loading=\"lazy\" decoding=\"async\" width=\"150\" height=\"150\" src=\"https:\/\/www.villamorpousada.com.br\/site\/wp-content\/uploads\/2024\/09\/4O9A0465-150x150.jpg\" class=\"attachment-thumbnail size-thumbnail\" alt=\"\" \/><\/a>\n\t\t\t<\/div><\/figure>\n\t\t<\/div>\n\n<p>&nbsp;<\/p>\n<p>&nbsp;<\/p>\n","protected":false},"excerpt":{"rendered":"<p>A Pousada Villamor oferece os melhores padr\u00f5es de conforto, seguran\u00e7a e higiene, com apartamentos amplos com dois ambientes, roupeiros grandes, ar-condicionado SPLIT de 12 mil btus, TV LCD de 32\u201d, frigobar, cama box queen, varandas com rede e cadeiras de balan\u00e7o e muito mais. Tudo planejado para o bem estar de seus h\u00f3spedes. Dentro de [&hellip;]<\/p>\n","protected":false},"author":1,"featured_media":0,"parent":0,"menu_order":0,"comment_status":"closed","ping_status":"closed","template":"","meta":{"_acf_changed":false,"footnotes":""},"class_list":["post-20","page","type-page","status-publish","hentry"],"acf":[],"yoast_head":"<!-- This site is optimized with the Yoast SEO plugin v27.3 - https:\/\/yoast.com\/product\/yoast-seo-wordpress\/ -->\n<title>Estrutura - Hotel Villamor Prime, Nudista &amp; Liberal.<\/title>\n<meta name=\"robots\" content=\"index, follow, max-snippet:-1, max-image-preview:large, max-video-preview:-1\" \/>\n<link rel=\"canonical\" href=\"https:\/\/www.villamorpousada.com.br\/site\/estrutura\/\" \/>\n<meta property=\"og:locale\" content=\"pt_BR\" \/>\n<meta property=\"og:type\" content=\"article\" \/>\n<meta property=\"og:title\" content=\"Estrutura - Hotel Villamor Prime, Nudista &amp; Liberal.\" \/>\n<meta property=\"og:description\" content=\"A Pousada Villamor oferece os melhores padr\u00f5es de conforto, seguran\u00e7a e higiene, com apartamentos amplos com dois ambientes, roupeiros grandes, ar-condicionado SPLIT de 12 mil btus, TV LCD de 32\u201d, frigobar, cama box queen, varandas com rede e cadeiras de balan\u00e7o e muito mais. Tudo planejado para o bem estar de seus h\u00f3spedes. Dentro de [&hellip;]\" \/>\n<meta property=\"og:url\" content=\"https:\/\/www.villamorpousada.com.br\/site\/estrutura\/\" \/>\n<meta property=\"og:site_name\" content=\"Hotel Villamor Prime, Nudista &amp; Liberal.\" \/>\n<meta property=\"article:publisher\" content=\"http:\/\/www.facebook.com\/pages\/Pousada-Villamor\/501126423243696\" \/>\n<meta property=\"article:modified_time\" content=\"2024-09-25T19:33:08+00:00\" \/>\n<meta property=\"og:image\" content=\"https:\/\/www.villamorpousada.com.br\/site\/wp-content\/uploads\/2019\/08\/foto1-300x169.jpg\" \/>\n<meta name=\"twitter:card\" content=\"summary_large_image\" \/>\n<meta name=\"twitter:label1\" content=\"Est. tempo de leitura\" \/>\n\t<meta name=\"twitter:data1\" content=\"1 minuto\" \/>\n<script type=\"application\/ld+json\" class=\"yoast-schema-graph\">{\"@context\":\"https:\\\/\\\/schema.org\",\"@graph\":[{\"@type\":\"WebPage\",\"@id\":\"https:\\\/\\\/www.villamorpousada.com.br\\\/site\\\/estrutura\\\/\",\"url\":\"https:\\\/\\\/www.villamorpousada.com.br\\\/site\\\/estrutura\\\/\",\"name\":\"Estrutura - Hotel Villamor Prime, Nudista &amp; Liberal.\",\"isPartOf\":{\"@id\":\"https:\\\/\\\/www.villamorpousada.com.br\\\/site\\\/#website\"},\"datePublished\":\"2019-08-02T17:41:07+00:00\",\"dateModified\":\"2024-09-25T19:33:08+00:00\",\"breadcrumb\":{\"@id\":\"https:\\\/\\\/www.villamorpousada.com.br\\\/site\\\/estrutura\\\/#breadcrumb\"},\"inLanguage\":\"pt-BR\",\"potentialAction\":[{\"@type\":\"ReadAction\",\"target\":[\"https:\\\/\\\/www.villamorpousada.com.br\\\/site\\\/estrutura\\\/\"]}]},{\"@type\":\"BreadcrumbList\",\"@id\":\"https:\\\/\\\/www.villamorpousada.com.br\\\/site\\\/estrutura\\\/#breadcrumb\",\"itemListElement\":[{\"@type\":\"ListItem\",\"position\":1,\"name\":\"In\u00edcio\",\"item\":\"https:\\\/\\\/www.villamorpousada.com.br\\\/site\\\/\"},{\"@type\":\"ListItem\",\"position\":2,\"name\":\"Estrutura\"}]},{\"@type\":\"WebSite\",\"@id\":\"https:\\\/\\\/www.villamorpousada.com.br\\\/site\\\/#website\",\"url\":\"https:\\\/\\\/www.villamorpousada.com.br\\\/site\\\/\",\"name\":\"Pousada Villamor nudista liberal\",\"description\":\"Hotel Villamor Prime.\",\"publisher\":{\"@id\":\"https:\\\/\\\/www.villamorpousada.com.br\\\/site\\\/#organization\"},\"potentialAction\":[{\"@type\":\"SearchAction\",\"target\":{\"@type\":\"EntryPoint\",\"urlTemplate\":\"https:\\\/\\\/www.villamorpousada.com.br\\\/site\\\/?s={search_term_string}\"},\"query-input\":{\"@type\":\"PropertyValueSpecification\",\"valueRequired\":true,\"valueName\":\"search_term_string\"}}],\"inLanguage\":\"pt-BR\"},{\"@type\":\"Organization\",\"@id\":\"https:\\\/\\\/www.villamorpousada.com.br\\\/site\\\/#organization\",\"name\":\"Pousada Villamor nudista liberal\",\"url\":\"https:\\\/\\\/www.villamorpousada.com.br\\\/site\\\/\",\"logo\":{\"@type\":\"ImageObject\",\"inLanguage\":\"pt-BR\",\"@id\":\"https:\\\/\\\/www.villamorpousada.com.br\\\/site\\\/#\\\/schema\\\/logo\\\/image\\\/\",\"url\":\"https:\\\/\\\/www.villamorpousada.com.br\\\/site\\\/wp-content\\\/uploads\\\/2020\\\/01\\\/logo55.png\",\"contentUrl\":\"https:\\\/\\\/www.villamorpousada.com.br\\\/site\\\/wp-content\\\/uploads\\\/2020\\\/01\\\/logo55.png\",\"width\":154,\"height\":63,\"caption\":\"Pousada Villamor nudista liberal\"},\"image\":{\"@id\":\"https:\\\/\\\/www.villamorpousada.com.br\\\/site\\\/#\\\/schema\\\/logo\\\/image\\\/\"},\"sameAs\":[\"http:\\\/\\\/www.facebook.com\\\/pages\\\/Pousada-Villamor\\\/501126423243696\"]}]}<\/script>\n<!-- \/ Yoast SEO plugin. -->","yoast_head_json":{"title":"Estrutura - Hotel Villamor Prime, Nudista &amp; Liberal.","robots":{"index":"index","follow":"follow","max-snippet":"max-snippet:-1","max-image-preview":"max-image-preview:large","max-video-preview":"max-video-preview:-1"},"canonical":"https:\/\/www.villamorpousada.com.br\/site\/estrutura\/","og_locale":"pt_BR","og_type":"article","og_title":"Estrutura - Hotel Villamor Prime, Nudista &amp; Liberal.","og_description":"A Pousada Villamor oferece os melhores padr\u00f5es de conforto, seguran\u00e7a e higiene, com apartamentos amplos com dois ambientes, roupeiros grandes, ar-condicionado SPLIT de 12 mil btus, TV LCD de 32\u201d, frigobar, cama box queen, varandas com rede e cadeiras de balan\u00e7o e muito mais. Tudo planejado para o bem estar de seus h\u00f3spedes. Dentro de [&hellip;]","og_url":"https:\/\/www.villamorpousada.com.br\/site\/estrutura\/","og_site_name":"Hotel Villamor Prime, Nudista &amp; Liberal.","article_publisher":"http:\/\/www.facebook.com\/pages\/Pousada-Villamor\/501126423243696","article_modified_time":"2024-09-25T19:33:08+00:00","og_image":[{"url":"https:\/\/www.villamorpousada.com.br\/site\/wp-content\/uploads\/2019\/08\/foto1-300x169.jpg","type":"","width":"","height":""}],"twitter_card":"summary_large_image","twitter_misc":{"Est. tempo de leitura":"1 minuto"},"schema":{"@context":"https:\/\/schema.org","@graph":[{"@type":"WebPage","@id":"https:\/\/www.villamorpousada.com.br\/site\/estrutura\/","url":"https:\/\/www.villamorpousada.com.br\/site\/estrutura\/","name":"Estrutura - Hotel Villamor Prime, Nudista &amp; Liberal.","isPartOf":{"@id":"https:\/\/www.villamorpousada.com.br\/site\/#website"},"datePublished":"2019-08-02T17:41:07+00:00","dateModified":"2024-09-25T19:33:08+00:00","breadcrumb":{"@id":"https:\/\/www.villamorpousada.com.br\/site\/estrutura\/#breadcrumb"},"inLanguage":"pt-BR","potentialAction":[{"@type":"ReadAction","target":["https:\/\/www.villamorpousada.com.br\/site\/estrutura\/"]}]},{"@type":"BreadcrumbList","@id":"https:\/\/www.villamorpousada.com.br\/site\/estrutura\/#breadcrumb","itemListElement":[{"@type":"ListItem","position":1,"name":"In\u00edcio","item":"https:\/\/www.villamorpousada.com.br\/site\/"},{"@type":"ListItem","position":2,"name":"Estrutura"}]},{"@type":"WebSite","@id":"https:\/\/www.villamorpousada.com.br\/site\/#website","url":"https:\/\/www.villamorpousada.com.br\/site\/","name":"Pousada Villamor nudista liberal","description":"Hotel Villamor Prime.","publisher":{"@id":"https:\/\/www.villamorpousada.com.br\/site\/#organization"},"potentialAction":[{"@type":"SearchAction","target":{"@type":"EntryPoint","urlTemplate":"https:\/\/www.villamorpousada.com.br\/site\/?s={search_term_string}"},"query-input":{"@type":"PropertyValueSpecification","valueRequired":true,"valueName":"search_term_string"}}],"inLanguage":"pt-BR"},{"@type":"Organization","@id":"https:\/\/www.villamorpousada.com.br\/site\/#organization","name":"Pousada Villamor nudista liberal","url":"https:\/\/www.villamorpousada.com.br\/site\/","logo":{"@type":"ImageObject","inLanguage":"pt-BR","@id":"https:\/\/www.villamorpousada.com.br\/site\/#\/schema\/logo\/image\/","url":"https:\/\/www.villamorpousada.com.br\/site\/wp-content\/uploads\/2020\/01\/logo55.png","contentUrl":"https:\/\/www.villamorpousada.com.br\/site\/wp-content\/uploads\/2020\/01\/logo55.png","width":154,"height":63,"caption":"Pousada Villamor nudista liberal"},"image":{"@id":"https:\/\/www.villamorpousada.com.br\/site\/#\/schema\/logo\/image\/"},"sameAs":["http:\/\/www.facebook.com\/pages\/Pousada-Villamor\/501126423243696"]}]}},"_links":{"self":[{"href":"https:\/\/www.villamorpousada.com.br\/site\/wp-json\/wp\/v2\/pages\/20","targetHints":{"allow":["GET"]}}],"collection":[{"href":"https:\/\/www.villamorpousada.com.br\/site\/wp-json\/wp\/v2\/pages"}],"about":[{"href":"https:\/\/www.villamorpousada.com.br\/site\/wp-json\/wp\/v2\/types\/page"}],"author":[{"embeddable":true,"href":"https:\/\/www.villamorpousada.com.br\/site\/wp-json\/wp\/v2\/users\/1"}],"replies":[{"embeddable":true,"href":"https:\/\/www.villamorpousada.com.br\/site\/wp-json\/wp\/v2\/comments?post=20"}],"version-history":[{"count":23,"href":"https:\/\/www.villamorpousada.com.br\/site\/wp-json\/wp\/v2\/pages\/20\/revisions"}],"predecessor-version":[{"id":6841,"href":"https:\/\/www.villamorpousada.com.br\/site\/wp-json\/wp\/v2\/pages\/20\/revisions\/6841"}],"wp:attachment":[{"href":"https:\/\/www.villamorpousada.com.br\/site\/wp-json\/wp\/v2\/media?parent=20"}],"curies":[{"name":"wp","href":"https:\/\/api.w.org\/{rel}","templated":true}]}}